{"id":181,"date":"2025-10-21T16:30:45","date_gmt":"2025-10-21T14:30:45","guid":{"rendered":"https:\/\/website-staging.vineforecast.com\/?page_id=181"},"modified":"2026-01-08T16:32:40","modified_gmt":"2026-01-08T15:32:40","slug":"impronta","status":"publish","type":"page","link":"https:\/\/website-staging.vineforecast.com\/it\/impronta\/","title":{"rendered":"Impronta"},"content":{"rendered":"<div data-elementor-type=\"wp-page\" data-elementor-id=\"181\" class=\"elementor elementor-181\" data-elementor-settings=\"{&quot;ha_cmc_init_switcher&quot;:&quot;no&quot;}\" data-elementor-post-type=\"page\">\n\t\t\t\t<div data-particle_enable=\"false\" data-particle-mobile-disabled=\"false\" class=\"elementor-element elementor-element-796c7d9 e-flex e-con-boxed e-con e-parent\" data-id=\"796c7d9\" data-element_type=\"container\" data-e-type=\"container\" data-settings=\"{&quot;_ha_eqh_enable&quot;:false}\">\n\t\t\t\t\t<div class=\"e-con-inner\">\n\t\t\t\t<div class=\"elementor-element elementor-element-a21855f elementor-widget elementor-widget-text-editor\" data-id=\"a21855f\" data-element_type=\"widget\" data-e-type=\"widget\" data-widget_type=\"text-editor.default\">\n\t\t\t\t\t\t\t\t\t<h4>Impronta<\/h4><h6>Informazioni ai sensi del \u00a7 5 TMG<\/h6><p>VineForecast GmbH<br \/>Friedrichstrasse 3-4<br \/>37073 Gottinga<\/p><p>\u00a0<\/p><p>Registro delle imprese: HRB 206225<br \/>Tribunale del registro: G\u00f6ttingen<\/p><h6>Rappresentato da:<\/h6><p>Richard Petersik<br \/>Paul Petersik<\/p><h6>Contattateci<\/h6><p>Telefono: +49 551-28879544<br \/>E-mail: kontakt@vineforecast.com<\/p><h6>ID imposta sulle vendite<\/h6><p>Numero di identificazione dell'imposta sulle vendite ai sensi del \u00a7 27 a della legge sull'imposta sulle vendite:<br \/>DE339829890<\/p><h6>Responsabile editoriale<\/h6><p>Gli amministratori delegati<\/p><h6>Risoluzione delle controversie nell'UE<\/h6><p>La Commissione europea mette a disposizione una piattaforma per la risoluzione delle controversie online (OS):\u00a0<a href=\"https:\/\/ec.europa.eu\/consumers\/odr\">https:\/\/ec.europa.eu\/consumers\/odr<\/a>.<br \/>Il nostro indirizzo e-mail \u00e8 riportato nella nota legale di cui sopra.<\/p><h6>Centro di risoluzione delle controversie dei consumatori\/arbitrato universale<\/h6><p>Non siamo disposti o obbligati a partecipare a procedure di risoluzione delle controversie davanti a un collegio arbitrale dei consumatori.<\/p><h6>Responsabilit\u00e0 per i contenuti<\/h6><p>In qualit\u00e0 di fornitore di servizi, siamo responsabili dei nostri contenuti su queste pagine ai sensi dell'art. 7 (1) TMG (legge tedesca sui media telematici) e della legislazione generale. Ai sensi dei \u00a7\u00a7 8-10 TMG, tuttavia, in qualit\u00e0 di fornitore di servizi non siamo obbligati a monitorare le informazioni trasmesse o memorizzate da terzi o a indagare su circostanze che indicano un'attivit\u00e0 illegale.<\/p><p>L'obbligo di rimuovere o bloccare l'uso delle informazioni in conformit\u00e0 alla legislazione generale rimane inalterato. Tuttavia, la responsabilit\u00e0 in questo senso \u00e8 possibile solo dal momento in cui veniamo a conoscenza di una specifica violazione. Non appena verremo a conoscenza di tali violazioni, provvederemo a rimuovere immediatamente tali contenuti.<\/p><h6>Responsabilit\u00e0 per i link<\/h6><p>Il nostro sito web contiene link a siti esterni di terzi sui cui contenuti non abbiamo alcuna influenza. Pertanto, non ci assumiamo alcuna responsabilit\u00e0 per questi contenuti di terzi. Il rispettivo fornitore o gestore delle pagine \u00e8 sempre responsabile del contenuto delle pagine collegate. Le pagine collegate sono state controllate per verificare eventuali violazioni di legge al momento del collegamento. I contenuti illegali non erano riconoscibili al momento del collegamento.<\/p><p>Tuttavia, il monitoraggio permanente del contenuto delle pagine collegate non \u00e8 ragionevole senza prove concrete di una violazione. Se veniamo a conoscenza di violazioni legali, rimuoveremo immediatamente tali link.<\/p><h6>Copyright<\/h6><p>I contenuti e le opere create dagli operatori del sito su queste pagine sono soggetti alla legge tedesca sul diritto d'autore. La duplicazione, l'elaborazione, la distribuzione e qualsiasi tipo di utilizzo al di fuori dei limiti della legge sul copyright richiedono il consenso scritto del rispettivo autore o creatore. Download e copie di questo sito sono consentiti solo per uso privato e non commerciale.<\/p><p>Nella misura in cui i contenuti di questo sito non sono stati creati dal gestore, vengono rispettati i diritti d'autore di terzi. In particolare, i contenuti di terzi sono contrassegnati come tali. Se tuttavia doveste venire a conoscenza di una violazione del copyright, vi preghiamo di informarci. Qualora venissimo a conoscenza di violazioni, provvederemo a rimuovere immediatamente tali contenuti.<\/p><p>\u00a0<\/p><p><strong>Dati di provenienza esterna<\/strong><br \/>Servizio meteorologico tedesco (<a href=\"https:\/\/www.dwd.de\/DE\/Home\/home_node.html\">https:\/\/www.dwd.de\/<\/a>)<br \/>Banca dati PlantGrape (<a href=\"https:\/\/plantgrape.plantnet-project.org\/en\/catalogues\">https:\/\/plantgrape.plantnet-project.org\/en\/catalogues<\/a>)<\/p>\t\t\t\t\t\t\t\t<\/div>\n\t\t\t\t\t<\/div>\n\t\t\t\t<\/div>\n\t\t\t\t<\/div>","protected":false},"excerpt":{"rendered":"<p>Impressum Angaben gem\u00e4\u00df \u00a7 5 TMG VineForecast GmbHFriedrichstra\u00dfe 3-437073 G\u00f6ttingen \u00a0 Handelsregister: HRB 206225Registergericht: G\u00f6ttingen Vertreten durch: Richard PetersikPaul Petersik Kontakt Telefon: +49 551-28879544E-Mail: kontakt@vineforecast.com Umsatzsteuer-ID Umsatzsteuer-Identifikationsnummer gem\u00e4\u00df \u00a7 27 a Umsatzsteuergesetz:DE339829890 Redaktionell Verantwortlicher Die Gesch\u00e4ftsf\u00fchrer EU-Streitschlichtung Die Europ\u00e4ische Kommission stellt eine Plattform zur Online-Streitbeilegung (OS) bereit:\u00a0https:\/\/ec.europa.eu\/consumers\/odr.Unsere E-Mail-Adresse finden Sie oben im Impressum. Verbraucher\u00adstreit\u00adbeilegung\/Universal\u00adschlichtungs\u00adstelle Wir [&hellip;]<\/p>\n","protected":false},"author":2,"featured_media":0,"parent":0,"menu_order":0,"comment_status":"closed","ping_status":"closed","template":"","meta":{"footnotes":""},"class_list":["post-181","page","type-page","status-publish","hentry"],"yoast_head":"<!-- This site is optimized with the Yoast SEO plugin v26.9 - https:\/\/yoast.com\/product\/yoast-seo-wordpress\/ -->\n<title>Impressum - VineForecast<\/title>\n<meta name=\"robots\" content=\"noindex, follow, max-snippet:-1, max-image-preview:large, max-video-preview:-1\" \/>\n<meta property=\"og:locale\" content=\"it_IT\" \/>\n<meta property=\"og:type\" content=\"article\" \/>\n<meta property=\"og:title\" content=\"Impressum - VineForecast\" \/>\n<meta property=\"og:description\" content=\"Impressum Angaben gem\u00e4\u00df \u00a7 5 TMG VineForecast GmbHFriedrichstra\u00dfe 3-437073 G\u00f6ttingen \u00a0 Handelsregister: HRB 206225Registergericht: G\u00f6ttingen Vertreten durch: Richard PetersikPaul Petersik Kontakt Telefon: +49 551-28879544E-Mail: kontakt@vineforecast.com Umsatzsteuer-ID Umsatzsteuer-Identifikationsnummer gem\u00e4\u00df \u00a7 27 a Umsatzsteuergesetz:DE339829890 Redaktionell Verantwortlicher Die Gesch\u00e4ftsf\u00fchrer EU-Streitschlichtung Die Europ\u00e4ische Kommission stellt eine Plattform zur Online-Streitbeilegung (OS) bereit:\u00a0https:\/\/ec.europa.eu\/consumers\/odr.Unsere E-Mail-Adresse finden Sie oben im Impressum. Verbraucher\u00adstreit\u00adbeilegung\/Universal\u00adschlichtungs\u00adstelle Wir [&hellip;]\" \/>\n<meta property=\"og:url\" content=\"https:\/\/website-staging.vineforecast.com\/it\/impronta\/\" \/>\n<meta property=\"og:site_name\" content=\"VineForecast\" \/>\n<meta property=\"article:publisher\" content=\"https:\/\/www.facebook.com\/vineforecast\/\" \/>\n<meta property=\"article:modified_time\" content=\"2026-01-08T15:32:40+00:00\" \/>\n<meta name=\"twitter:card\" content=\"summary_large_image\" \/>\n<meta name=\"twitter:label1\" content=\"Tempo di lettura stimato\" \/>\n\t<meta name=\"twitter:data1\" content=\"3 minuti\" \/>\n<script type=\"application\/ld+json\" class=\"yoast-schema-graph\">{\"@context\":\"https:\/\/schema.org\",\"@graph\":[{\"@type\":\"WebPage\",\"@id\":\"https:\/\/website-staging.vineforecast.com\/impressum\/\",\"url\":\"https:\/\/website-staging.vineforecast.com\/impressum\/\",\"name\":\"Impressum - VineForecast\",\"isPartOf\":{\"@id\":\"https:\/\/website-staging.vineforecast.com\/#website\"},\"datePublished\":\"2025-10-21T14:30:45+00:00\",\"dateModified\":\"2026-01-08T15:32:40+00:00\",\"inLanguage\":\"it-IT\",\"potentialAction\":[{\"@type\":\"ReadAction\",\"target\":[\"https:\/\/website-staging.vineforecast.com\/impressum\/\"]}]},{\"@type\":\"WebSite\",\"@id\":\"https:\/\/website-staging.vineforecast.com\/#website\",\"url\":\"https:\/\/website-staging.vineforecast.com\/\",\"name\":\"VineForecast\",\"description\":\"\",\"publisher\":{\"@id\":\"https:\/\/website-staging.vineforecast.com\/#organization\"},\"potentialAction\":[{\"@type\":\"SearchAction\",\"target\":{\"@type\":\"EntryPoint\",\"urlTemplate\":\"https:\/\/website-staging.vineforecast.com\/?s={search_term_string}\"},\"query-input\":{\"@type\":\"PropertyValueSpecification\",\"valueRequired\":true,\"valueName\":\"search_term_string\"}}],\"inLanguage\":\"it-IT\"},{\"@type\":\"Organization\",\"@id\":\"https:\/\/website-staging.vineforecast.com\/#organization\",\"name\":\"VineForecast\",\"url\":\"https:\/\/website-staging.vineforecast.com\/\",\"logo\":{\"@type\":\"ImageObject\",\"inLanguage\":\"it-IT\",\"@id\":\"https:\/\/website-staging.vineforecast.com\/#\/schema\/logo\/image\/\",\"url\":\"https:\/\/website-staging.vineforecast.com\/wp-content\/uploads\/2025\/10\/Size100px-TypeDark-1.webp\",\"contentUrl\":\"https:\/\/website-staging.vineforecast.com\/wp-content\/uploads\/2025\/10\/Size100px-TypeDark-1.webp\",\"width\":2231,\"height\":300,\"caption\":\"VineForecast\"},\"image\":{\"@id\":\"https:\/\/website-staging.vineforecast.com\/#\/schema\/logo\/image\/\"},\"sameAs\":[\"https:\/\/www.facebook.com\/vineforecast\/\",\"https:\/\/www.instagram.com\/vineforecast\/\"]}]}<\/script>\n<!-- \/ Yoast SEO plugin. -->","yoast_head_json":{"title":"Impronta - VineForecast","robots":{"index":"noindex","follow":"follow","max-snippet":"max-snippet:-1","max-image-preview":"max-image-preview:large","max-video-preview":"max-video-preview:-1"},"og_locale":"it_IT","og_type":"article","og_title":"Impressum - VineForecast","og_description":"Impressum Angaben gem\u00e4\u00df \u00a7 5 TMG VineForecast GmbHFriedrichstra\u00dfe 3-437073 G\u00f6ttingen \u00a0 Handelsregister: HRB 206225Registergericht: G\u00f6ttingen Vertreten durch: Richard PetersikPaul Petersik Kontakt Telefon: +49 551-28879544E-Mail: kontakt@vineforecast.com Umsatzsteuer-ID Umsatzsteuer-Identifikationsnummer gem\u00e4\u00df \u00a7 27 a Umsatzsteuergesetz:DE339829890 Redaktionell Verantwortlicher Die Gesch\u00e4ftsf\u00fchrer EU-Streitschlichtung Die Europ\u00e4ische Kommission stellt eine Plattform zur Online-Streitbeilegung (OS) bereit:\u00a0https:\/\/ec.europa.eu\/consumers\/odr.Unsere E-Mail-Adresse finden Sie oben im Impressum. Verbraucher\u00adstreit\u00adbeilegung\/Universal\u00adschlichtungs\u00adstelle Wir [&hellip;]","og_url":"https:\/\/website-staging.vineforecast.com\/it\/impronta\/","og_site_name":"VineForecast","article_publisher":"https:\/\/www.facebook.com\/vineforecast\/","article_modified_time":"2026-01-08T15:32:40+00:00","twitter_card":"summary_large_image","twitter_misc":{"Tempo di lettura stimato":"3 minuti"},"schema":{"@context":"https:\/\/schema.org","@graph":[{"@type":"WebPage","@id":"https:\/\/website-staging.vineforecast.com\/impressum\/","url":"https:\/\/website-staging.vineforecast.com\/impressum\/","name":"Impronta - VineForecast","isPartOf":{"@id":"https:\/\/website-staging.vineforecast.com\/#website"},"datePublished":"2025-10-21T14:30:45+00:00","dateModified":"2026-01-08T15:32:40+00:00","inLanguage":"it-IT","potentialAction":[{"@type":"ReadAction","target":["https:\/\/website-staging.vineforecast.com\/impressum\/"]}]},{"@type":"WebSite","@id":"https:\/\/website-staging.vineforecast.com\/#website","url":"https:\/\/website-staging.vineforecast.com\/","name":"VineForecast","description":"","publisher":{"@id":"https:\/\/website-staging.vineforecast.com\/#organization"},"potentialAction":[{"@type":"SearchAction","target":{"@type":"EntryPoint","urlTemplate":"https:\/\/website-staging.vineforecast.com\/?s={search_term_string}"},"query-input":{"@type":"PropertyValueSpecification","valueRequired":true,"valueName":"search_term_string"}}],"inLanguage":"it-IT"},{"@type":"Organization","@id":"https:\/\/website-staging.vineforecast.com\/#organization","name":"VineForecast","url":"https:\/\/website-staging.vineforecast.com\/","logo":{"@type":"ImageObject","inLanguage":"it-IT","@id":"https:\/\/website-staging.vineforecast.com\/#\/schema\/logo\/image\/","url":"https:\/\/website-staging.vineforecast.com\/wp-content\/uploads\/2025\/10\/Size100px-TypeDark-1.webp","contentUrl":"https:\/\/website-staging.vineforecast.com\/wp-content\/uploads\/2025\/10\/Size100px-TypeDark-1.webp","width":2231,"height":300,"caption":"VineForecast"},"image":{"@id":"https:\/\/website-staging.vineforecast.com\/#\/schema\/logo\/image\/"},"sameAs":["https:\/\/www.facebook.com\/vineforecast\/","https:\/\/www.instagram.com\/vineforecast\/"]}]}},"_links":{"self":[{"href":"https:\/\/website-staging.vineforecast.com\/it\/wp-json\/wp\/v2\/pages\/181","targetHints":{"allow":["GET"]}}],"collection":[{"href":"https:\/\/website-staging.vineforecast.com\/it\/wp-json\/wp\/v2\/pages"}],"about":[{"href":"https:\/\/website-staging.vineforecast.com\/it\/wp-json\/wp\/v2\/types\/page"}],"author":[{"embeddable":true,"href":"https:\/\/website-staging.vineforecast.com\/it\/wp-json\/wp\/v2\/users\/2"}],"replies":[{"embeddable":true,"href":"https:\/\/website-staging.vineforecast.com\/it\/wp-json\/wp\/v2\/comments?post=181"}],"version-history":[{"count":0,"href":"https:\/\/website-staging.vineforecast.com\/it\/wp-json\/wp\/v2\/pages\/181\/revisions"}],"wp:attachment":[{"href":"https:\/\/website-staging.vineforecast.com\/it\/wp-json\/wp\/v2\/media?parent=181"}],"curies":[{"name":"wp","href":"https:\/\/api.w.org\/{rel}","templated":true}]}}